{"id":2102,"date":"2024-09-20T18:22:45","date_gmt":"2024-09-20T16:22:45","guid":{"rendered":"http:\/\/wordpress.service-inspiration.de\/?page_id=2102"},"modified":"2024-09-27T13:43:36","modified_gmt":"2024-09-27T11:43:36","slug":"gutschein","status":"publish","type":"page","link":"https:\/\/www.service-inspiration.de\/?page_id=2102","title":{"rendered":"Gutschein"},"content":{"rendered":"\n<hr class=\"wp-block-separator alignwide has-text-color has-ast-global-color-1-color has-alpha-channel-opacity has-ast-global-color-1-background-color has-background is-style-wide\" style=\"margin-top:var(--wp--preset--spacing--40);margin-bottom:var(--wp--preset--spacing--40)\"\/>\n\n\n\n<div class=\"wp-block-group\"><div class=\"wp-block-group__inner-container is-layout-constrained wp-block-group-is-layout-constrained\">\n<div class=\"wp-block-columns are-vertically-aligned-top is-layout-flex wp-container-core-columns-is-layout-9d6595d7 wp-block-columns-is-layout-flex\">\n<div class=\"wp-block-column is-vertically-aligned-stretch is-layout-flow wp-block-column-is-layout-flow\" style=\"flex-basis:100%\">\n<p class=\"has-text-color has-link-color wp-elements-794c92fbabe7c8dbb3114a03bf88cb79\" style=\"color:#cfa65a;font-size:17px\"><strong>Gutschein<\/strong><\/p>\n\n\n\n<figure class=\"wp-block-image size-full is-resized\"><img loading=\"lazy\" decoding=\"async\" width=\"539\" height=\"180\" src=\"http:\/\/wordpress.service-inspiration.de\/wp-content\/uploads\/2024\/09\/gutschein.png\" alt=\"\" class=\"wp-image-2105\" style=\"width:785px;height:auto\" srcset=\"https:\/\/www.service-inspiration.de\/wp-content\/uploads\/2024\/09\/gutschein.png 539w, https:\/\/www.service-inspiration.de\/wp-content\/uploads\/2024\/09\/gutschein-300x100.png 300w\" sizes=\"auto, (max-width: 539px) 100vw, 539px\" \/><\/figure>\n\n\n\n<p class=\"has-small-font-size\">Du willst einem anderen Menschen etwas sehr Pers\u00f6nliches schenken, mit der M\u00f6glichkeit, dass der \/ die Beschenkte mehr \u00fcber sich selbst erfahren kann? Dann ist der Gutschein von mir genau das Richtige zum Verschenken!&nbsp;<\/p>\n\n\n\n<p class=\"has-small-font-size\">Du bestimmst ob es eine Reiki 1 Wellnessbehandlung oder Symptombehandlung sein soll.<\/p>\n\n\n\n<p class=\"has-small-font-size\">Den Termin kann der \/ die Beschenkte dann mit mir pers\u00f6nlich vereinbaren.<\/p>\n<\/div>\n<\/div>\n<\/div><\/div>\n\n\n\n<hr class=\"wp-block-separator has-alpha-channel-opacity is-style-wide\"\/>\n\n\n<div id=\"quform-4bbed4\" class=\"quform quform-3 quform-support-page-caching\"><form id=\"quform-form-4bbed4\" class=\"quform-form quform-form-3\" action=\"\/index.php?rest_route=%2Fwp%2Fv2%2Fpages%2F2102#quform-4bbed4\" method=\"post\" enctype=\"multipart\/form-data\" novalidate=\"novalidate\" data-options=\"{&quot;id&quot;:3,&quot;uniqueId&quot;:&quot;4bbed4&quot;,&quot;theme&quot;:&quot;&quot;,&quot;ajax&quot;:true,&quot;logic&quot;:{&quot;logic&quot;:[],&quot;dependents&quot;:[],&quot;elementIds&quot;:[],&quot;dependentElementIds&quot;:[],&quot;animate&quot;:true},&quot;currentPageId&quot;:1,&quot;errorsIcon&quot;:&quot;&quot;,&quot;updateFancybox&quot;:true,&quot;hasPages&quot;:false,&quot;pages&quot;:[1],&quot;pageProgressType&quot;:&quot;numbers&quot;,&quot;tooltipsEnabled&quot;:true,&quot;tooltipClasses&quot;:&quot;qtip-quform-dark qtip-shadow&quot;,&quot;tooltipMy&quot;:&quot;left center&quot;,&quot;tooltipAt&quot;:&quot;right center&quot;,&quot;isRtl&quot;:false,&quot;scrollOffset&quot;:-50,&quot;scrollSpeed&quot;:800}\"><button class=\"quform-default-submit\" name=\"quform_submit\" type=\"submit\" value=\"submit\" aria-hidden=\"true\" tabindex=\"-1\"><\/button><div class=\"quform-form-inner quform-form-inner-3\"><input type=\"hidden\" name=\"quform_form_id\" value=\"3\" \/><input type=\"hidden\" name=\"quform_form_uid\" value=\"4bbed4\" \/><input type=\"hidden\" name=\"quform_count\" value=\"1\" \/><input type=\"hidden\" name=\"form_url\" value=\"https:\/\/www.service-inspiration.de\/index.php?rest_route=%2Fwp%2Fv2%2Fpages%2F2102\" \/><input type=\"hidden\" name=\"referring_url\" value=\"\" \/><input type=\"hidden\" name=\"post_id\" value=\"\" \/><input type=\"hidden\" name=\"post_title\" value=\"\" \/><input type=\"hidden\" name=\"quform_current_page_id\" value=\"1\" \/><input type=\"hidden\" name=\"quform_loaded\" value=\"1777901083|4c294511c2ec76080496c1375f8dcc76\" \/><input type=\"hidden\" name=\"quform_csrf_token\" value=\"eGDxGARuZfQvkrBsdIgWN525obIjVSi6kz6CqbBN\" \/><div class=\"quform-form-title-description\"><h4 class=\"quform-form-title\"><div style=\"text-align: center\">   <p>Gutscheinbestellung - Service &amp; Inspiration - Tobias Wolf<\/p>     <\/div><\/h4><p class=\"quform-form-description\"><div style=\"text-align: center\"> <p>Postanschrift: Arthur-Scheunert-Allee 154a, \n14558 Nuthetal<\/p><\/p><\/div><div class=\"quform-elements quform-elements-3 quform-cf quform-responsive-elements-phone-landscape\"><div class=\"quform-element quform-element-page quform-page-1 quform-page-3_1 quform-cf quform-group-style-plain quform-first-page quform-last-page quform-current-page\"><div class=\"quform-child-elements\"><div class=\"quform-element quform-element-group quform-element-3_17 quform-cf quform-group-style-plain\"><div class=\"quform-spacer\"><div class=\"quform-group-title-description\"><h2 class=\"quform-group-title\"><p style=\"font-size:16px\"><b> <span style=\"color:#cfa65a\"> Auftraggeber:<\/span> <\/b><\/p><\/h2><\/div><div class=\"quform-child-elements\"><\/div><\/div><\/div><div class=\"quform-element quform-element-textarea quform-element-3_607620 quform-sr-only quform-cf\" style=\"clip: rect(1px, 1px, 1px, 1px); clip-path: inset(50%); position: absolute !important; height: 1px; width: 1px; overflow: hidden;\"><div class=\"quform-spacer\"><div class=\"quform-label quform-label-3_607620\"><label class=\"quform-label-text\" for=\"quform_3_607620_4bbed4\">Company Name<span class=\"quform-required\">*<\/span><\/label><\/div><div class=\"quform-inner quform-inner-3_607620\"><textarea id=\"quform_3_607620_4bbed4\" name=\"quform_3_607620\" class=\"quform-field quform-field-textarea quform-field-3_607620\" tabindex=\"-1\" autocomplete=\"new-password\"><\/textarea><\/div><\/div><\/div><div class=\"quform-element quform-element-html quform-element-3_45 quform-cf\"><div class=\"quform-spacer\"><span style=\"font-size: 10pt;\">Die mit * gekennzeichneten Felder sind Pflichtfelder<\/span><\/div><\/div><div class=\"quform-element quform-element-text quform-element-3_4 quform-cf quform-labels-left quform-element-required\"><div class=\"quform-spacer\"><div class=\"quform-label quform-label-3_4\"><label class=\"quform-label-text\" for=\"quform_3_4_4bbed4\">Name<span class=\"quform-required\">*<\/span><\/label><\/div><div class=\"quform-inner quform-inner-text quform-inner-3_4\"><div class=\"quform-input quform-input-text quform-input-3_4 quform-cf\"><input type=\"text\" id=\"quform_3_4_4bbed4\" name=\"quform_3_4\" class=\"quform-field quform-field-text quform-field-3_4\" \/><\/div><\/div><\/div><\/div><div class=\"quform-element quform-element-text quform-element-3_3 quform-cf quform-labels-left quform-element-required\"><div class=\"quform-spacer\"><div class=\"quform-label quform-label-3_3\"><label class=\"quform-label-text\" for=\"quform_3_3_4bbed4\">Vorname<span class=\"quform-required\">*<\/span><\/label><\/div><div class=\"quform-inner quform-inner-text quform-inner-3_3\"><div class=\"quform-input quform-input-text quform-input-3_3 quform-cf\"><input type=\"text\" id=\"quform_3_3_4bbed4\" name=\"quform_3_3\" class=\"quform-field quform-field-text quform-field-3_3\" \/><\/div><\/div><\/div><\/div><div class=\"quform-element quform-element-text quform-element-3_21 quform-cf quform-labels-left quform-element-required\"><div class=\"quform-spacer\"><div class=\"quform-label quform-label-3_21\"><label class=\"quform-label-text\" for=\"quform_3_21_4bbed4\">Stra\u00dfe, Hausnr.<span class=\"quform-required\">*<\/span><\/label><\/div><div class=\"quform-inner quform-inner-text quform-inner-3_21\"><div class=\"quform-input quform-input-text quform-input-3_21 quform-cf\"><input type=\"text\" id=\"quform_3_21_4bbed4\" name=\"quform_3_21\" class=\"quform-field quform-field-text quform-field-3_21\" \/><\/div><\/div><\/div><\/div><div class=\"quform-element quform-element-text quform-element-3_22 quform-cf quform-labels-left quform-element-required\"><div class=\"quform-spacer\"><div class=\"quform-label quform-label-3_22\"><label class=\"quform-label-text\" for=\"quform_3_22_4bbed4\">PLZ<span class=\"quform-required\">*<\/span><\/label><\/div><div class=\"quform-inner quform-inner-text quform-inner-3_22\"><div class=\"quform-input quform-input-text quform-input-3_22 quform-cf\"><input type=\"text\" id=\"quform_3_22_4bbed4\" name=\"quform_3_22\" class=\"quform-field quform-field-text quform-field-3_22\" \/><\/div><\/div><\/div><\/div><div class=\"quform-element quform-element-text quform-element-3_23 quform-cf quform-labels-left quform-element-required\"><div class=\"quform-spacer\"><div class=\"quform-label quform-label-3_23\"><label class=\"quform-label-text\" for=\"quform_3_23_4bbed4\">Ort<span class=\"quform-required\">*<\/span><\/label><\/div><div class=\"quform-inner quform-inner-text quform-inner-3_23\"><div class=\"quform-input quform-input-text quform-input-3_23 quform-cf\"><input type=\"text\" id=\"quform_3_23_4bbed4\" name=\"quform_3_23\" class=\"quform-field quform-field-text quform-field-3_23\" \/><\/div><\/div><\/div><\/div><div class=\"quform-element quform-element-text quform-element-3_7 quform-cf quform-labels-left quform-element-required\"><div class=\"quform-spacer\"><div class=\"quform-label quform-label-3_7\"><label class=\"quform-label-text\" for=\"quform_3_7_4bbed4\">Telefon<span class=\"quform-required\">*<\/span><\/label><\/div><div class=\"quform-inner quform-inner-text quform-inner-3_7\"><div class=\"quform-input quform-input-text quform-input-3_7 quform-cf\"><input type=\"text\" id=\"quform_3_7_4bbed4\" name=\"quform_3_7\" class=\"quform-field quform-field-text quform-field-3_7\" \/><\/div><\/div><\/div><\/div><div class=\"quform-element quform-element-email quform-element-3_8 quform-cf quform-labels-left quform-element-required\"><div class=\"quform-spacer\"><div class=\"quform-label quform-label-3_8\"><label class=\"quform-label-text\" for=\"quform_3_8_4bbed4\">E-Mail-Adresse<span class=\"quform-required\">*<\/span><\/label><\/div><div class=\"quform-inner quform-inner-email quform-inner-3_8\"><div class=\"quform-input quform-input-email quform-input-3_8 quform-cf\"><input type=\"email\" id=\"quform_3_8_4bbed4\" name=\"quform_3_8\" class=\"quform-field quform-field-email quform-field-3_8\" \/><\/div><\/div><\/div><\/div><div class=\"quform-element quform-element-textarea quform-element-3_10 quform-cf quform-labels-left quform-element-optional\"><div class=\"quform-spacer\"><div class=\"quform-label quform-label-3_10\"><label class=\"quform-label-text\" for=\"quform_3_10_4bbed4\">Bemerkung<\/label><\/div><div class=\"quform-inner quform-inner-textarea quform-inner-3_10 quform-field-size-slim\"><div class=\"quform-input quform-input-textarea quform-input-3_10 quform-cf\"><textarea id=\"quform_3_10_4bbed4\" name=\"quform_3_10\" class=\"quform-field quform-field-textarea quform-field-3_10\"><\/textarea><\/div><\/div><\/div><\/div><div class=\"quform-element quform-element-group quform-element-3_24 quform-cf quform-group-style-plain\"><div class=\"quform-spacer\"><div class=\"quform-group-title-description\"><h2 class=\"quform-group-title\"><p style=\"font-size:16px\"><b> <span style=\"color:#cfa65a\"> Was soll auf dem Gutschein stehen?<\/span> <\/b><\/p><\/h2><\/div><div class=\"quform-child-elements\"><div class=\"quform-element quform-element-text quform-element-3_26 quform-cf quform-labels-left quform-element-required\"><div class=\"quform-spacer\"><div class=\"quform-label quform-label-3_26\"><label class=\"quform-label-text\" for=\"quform_3_26_4bbed4\">von:<span class=\"quform-required\">*<\/span><\/label><\/div><div class=\"quform-inner quform-inner-text quform-inner-3_26\"><div class=\"quform-input quform-input-text quform-input-3_26 quform-cf\"><input type=\"text\" id=\"quform_3_26_4bbed4\" name=\"quform_3_26\" class=\"quform-field quform-field-text quform-field-3_26\" \/><\/div><\/div><\/div><\/div><div class=\"quform-element quform-element-text quform-element-3_27 quform-cf quform-labels-left quform-element-required\"><div class=\"quform-spacer\"><div class=\"quform-label quform-label-3_27\"><label class=\"quform-label-text\" for=\"quform_3_27_4bbed4\">f\u00fcr:<span class=\"quform-required\">*<\/span><\/label><\/div><div class=\"quform-inner quform-inner-text quform-inner-3_27\"><div class=\"quform-input quform-input-text quform-input-3_27 quform-cf\"><input type=\"text\" id=\"quform_3_27_4bbed4\" name=\"quform_3_27\" class=\"quform-field quform-field-text quform-field-3_27\" \/><\/div><\/div><\/div><\/div><\/div><\/div><\/div><div class=\"quform-element quform-element-group quform-element-3_29 quform-cf quform-group-style-plain\"><div class=\"quform-spacer\"><div class=\"quform-group-title-description\"><h2 class=\"quform-group-title\"><p style=\"font-size:16px\"><b> <span style=\"color:#cfa65a\"> W\u00e4hle hier die Art des Gutscheins<\/span> <\/b><\/p><\/h2><\/div><div class=\"quform-child-elements\"><div class=\"quform-element quform-element-checkbox quform-element-3_28 quform-cf quform-labels-left quform-element-required\"><div class=\"quform-spacer\"><div class=\"quform-label quform-label-3_28\"><label class=\"quform-label-text\" id=\"quform_3_28_4bbed4_label\">Bitte ausw\u00e4hlen<span class=\"quform-required\">*<\/span><\/label><\/div><div class=\"quform-inner quform-inner-checkbox quform-inner-3_28\"><div class=\"quform-input quform-input-checkbox quform-input-3_28 quform-cf\"><div class=\"quform-options quform-cf quform-options-block quform-options-simple\" role=\"group\" aria-labelledby=\"quform_3_28_4bbed4_label\"><div class=\"quform-option\"><input type=\"checkbox\" name=\"quform_3_28[]\" id=\"quform_3_28_4bbed4_1\" class=\"quform-field quform-field-checkbox quform-field-3_28 quform-field-3_28_1\" value=\"Reiki 1 als Wellnessbehandlung \u20ac 59,90\" \/><label for=\"quform_3_28_4bbed4_1\" class=\"quform-option-label quform-option-label-3_28_1\"><span class=\"quform-option-text\">Reiki 1 als Wellnessbehandlung \u20ac 59,90<\/span><\/label><\/div><div class=\"quform-option\"><input type=\"checkbox\" name=\"quform_3_28[]\" id=\"quform_3_28_4bbed4_2\" class=\"quform-field quform-field-checkbox quform-field-3_28 quform-field-3_28_2\" value=\"Reiki 2 als Symptombehandlung \u20ac 75.-\" \/><label for=\"quform_3_28_4bbed4_2\" class=\"quform-option-label quform-option-label-3_28_2\"><span class=\"quform-option-text\">Reiki 2 als Symptombehandlung \u20ac 75.-<\/span><\/label><\/div><\/div><\/div><\/div><\/div><\/div><\/div><\/div><\/div><div class=\"quform-element quform-element-group quform-element-3_33 quform-cf quform-group-style-plain\"><div class=\"quform-spacer\"><div class=\"quform-group-title-description\"><h2 class=\"quform-group-title\"><p style=\"font-size:16px\"><b> <span style=\"color:#cfa65a\"> Gegebenenfalls abweichende Lieferanschrift:<\/span> <\/b><\/p><\/h2><\/div><div class=\"quform-child-elements\"><\/div><\/div><\/div><div class=\"quform-element quform-element-html quform-element-3_36 quform-cf\"><div class=\"quform-spacer\"><span style=\"font-size: 10pt;\">Entscheide hier, ob Du den Gutschein pers\u00f6nlich erhalten m\u00f6chtest, oder dieser direkt an den zu Beschenkenden gehen soll.<\/span><\/div><\/div><div class=\"quform-element quform-element-text quform-element-3_38 quform-cf quform-labels-left quform-element-optional\"><div class=\"quform-spacer\"><div class=\"quform-label quform-label-3_38\"><label class=\"quform-label-text\" for=\"quform_3_38_4bbed4\">Name<\/label><\/div><div class=\"quform-inner quform-inner-text quform-inner-3_38\"><div class=\"quform-input quform-input-text quform-input-3_38 quform-cf\"><input type=\"text\" id=\"quform_3_38_4bbed4\" name=\"quform_3_38\" class=\"quform-field quform-field-text quform-field-3_38\" \/><\/div><\/div><\/div><\/div><div class=\"quform-element quform-element-text quform-element-3_39 quform-cf quform-labels-left quform-element-optional\"><div class=\"quform-spacer\"><div class=\"quform-label quform-label-3_39\"><label class=\"quform-label-text\" for=\"quform_3_39_4bbed4\">Vorname<\/label><\/div><div class=\"quform-inner quform-inner-text quform-inner-3_39\"><div class=\"quform-input quform-input-text quform-input-3_39 quform-cf\"><input type=\"text\" id=\"quform_3_39_4bbed4\" name=\"quform_3_39\" class=\"quform-field quform-field-text quform-field-3_39\" \/><\/div><\/div><\/div><\/div><div class=\"quform-element quform-element-text quform-element-3_40 quform-cf quform-labels-left quform-element-optional\"><div class=\"quform-spacer\"><div class=\"quform-label quform-label-3_40\"><label class=\"quform-label-text\" for=\"quform_3_40_4bbed4\">Stra\u00dfe, Hausnr.<\/label><\/div><div class=\"quform-inner quform-inner-text quform-inner-3_40\"><div class=\"quform-input quform-input-text quform-input-3_40 quform-cf\"><input type=\"text\" id=\"quform_3_40_4bbed4\" name=\"quform_3_40\" class=\"quform-field quform-field-text quform-field-3_40\" \/><\/div><\/div><\/div><\/div><div class=\"quform-element quform-element-text quform-element-3_41 quform-cf quform-labels-left quform-element-optional\"><div class=\"quform-spacer\"><div class=\"quform-label quform-label-3_41\"><label class=\"quform-label-text\" for=\"quform_3_41_4bbed4\">PLZ<\/label><\/div><div class=\"quform-inner quform-inner-text quform-inner-3_41\"><div class=\"quform-input quform-input-text quform-input-3_41 quform-cf\"><input type=\"text\" id=\"quform_3_41_4bbed4\" name=\"quform_3_41\" class=\"quform-field quform-field-text quform-field-3_41\" \/><\/div><\/div><\/div><\/div><div class=\"quform-element quform-element-text quform-element-3_42 quform-cf quform-labels-left quform-element-optional\"><div class=\"quform-spacer\"><div class=\"quform-label quform-label-3_42\"><label class=\"quform-label-text\" for=\"quform_3_42_4bbed4\">Ort<\/label><\/div><div class=\"quform-inner quform-inner-text quform-inner-3_42\"><div class=\"quform-input quform-input-text quform-input-3_42 quform-cf\"><input type=\"text\" id=\"quform_3_42_4bbed4\" name=\"quform_3_42\" class=\"quform-field quform-field-text quform-field-3_42\" \/><\/div><\/div><\/div><\/div><div class=\"quform-element quform-element-select quform-element-3_43 quform-cf quform-labels-left quform-element-required\"><div class=\"quform-spacer\"><div class=\"quform-label quform-label-3_43\"><label class=\"quform-label-text\" for=\"quform_3_43_4bbed4\">Bitte w\u00e4hlen<span class=\"quform-required\">*<\/span><\/label><\/div><div class=\"quform-inner quform-inner-select quform-inner-3_43\"><div class=\"quform-input quform-input-select quform-input-3_43 quform-cf\"><select id=\"quform_3_43_4bbed4\" name=\"quform_3_43\" class=\"quform-field quform-field-select quform-field-3_43\"><option value=\"\" selected=\"selected\">Bitte w\u00e4hlen<\/option><option value=\" Gutschein bitte per Post zusenden\"> Gutschein bitte per Post zusenden<\/option><option value=\" Ich m\u00f6chte den Gutschein pers\u00f6nlich abholen\"> Ich m\u00f6chte den Gutschein pers\u00f6nlich abholen<\/option><\/select><\/div><\/div><\/div><\/div><div class=\"quform-element quform-element-submit quform-element-3_37 quform-cf quform-button-style-theme\"><div class=\"quform-button-submit quform-button-submit-default quform-button-submit-3_37\"><button name=\"quform_submit\" type=\"submit\" class=\"quform-submit\" value=\"submit\"><span class=\"quform-button-text quform-button-submit-text\">Gutschein bestellen<\/span><\/button><\/div><div class=\"quform-loading quform-loading-position-left quform-loading-type-spinner-1\"><div class=\"quform-loading-inner\"><div class=\"quform-loading-spinner\"><div class=\"quform-loading-spinner-inner\"><\/div><\/div><\/div><\/div><\/div><div class=\"quform-element quform-element-html quform-element-3_44 quform-cf\"><div class=\"quform-spacer\"><span style=\"font-size: 10pt;\">Bitte nur einmal klicken und warten! Die Bankdaten werden Dir auf der folgenden Seite angezeigt. Du erh\u00e4ltst au\u00dferdem schnellstm\u00f6glich per E-Mail eine Best\u00e4tigung von mir \u00fcber Deinen Kauf.<\/span><\/div><\/div><\/div><\/div><\/div><\/div><\/form><\/div>\n","protected":false},"excerpt":{"rendered":"<p>Gutschein Du willst einem anderen Menschen etwas sehr Pers\u00f6nliches schenken, mit der M\u00f6glichkeit, dass der \/ die Beschenkte mehr \u00fcber sich selbst erfahren kann? Dann ist der Gutschein von mir genau das Richtige zum Verschenken!&nbsp; Du bestimmst ob es eine Reiki 1 Wellnessbehandlung oder Symptombehandlung sein soll. Den Termin kann der \/ die Beschenkte dann [&hellip;]<\/p>\n","protected":false},"author":1,"featured_media":0,"parent":0,"menu_order":0,"comment_status":"closed","ping_status":"closed","template":"","meta":{"ocean_post_layout":"","ocean_both_sidebars_style":"scs-style","ocean_both_sidebars_content_width":0,"ocean_both_sidebars_sidebars_width":0,"ocean_sidebar":"quadmenu-widgets","ocean_second_sidebar":"","ocean_disable_margins":"enable","ocean_add_body_class":"","ocean_shortcode_before_top_bar":"","ocean_shortcode_after_top_bar":"","ocean_shortcode_before_header":"","ocean_shortcode_after_header":"","ocean_has_shortcode":"","ocean_shortcode_after_title":"","ocean_shortcode_before_footer_widgets":"","ocean_shortcode_after_footer_widgets":"","ocean_shortcode_before_footer_bottom":"","ocean_shortcode_after_footer_bottom":"","ocean_display_top_bar":"default","ocean_display_header":"default","ocean_header_style":"","ocean_center_header_left_menu":"","ocean_custom_header_template":"","ocean_custom_logo":0,"ocean_custom_retina_logo":0,"ocean_custom_logo_max_width":0,"ocean_custom_logo_tablet_max_width":0,"ocean_custom_logo_mobile_max_width":0,"ocean_custom_logo_max_height":0,"ocean_custom_logo_tablet_max_height":0,"ocean_custom_logo_mobile_max_height":0,"ocean_header_custom_menu":"","ocean_menu_typo_font_family":"Cinzel","ocean_menu_typo_font_subset":"","ocean_menu_typo_font_size":0,"ocean_menu_typo_font_size_tablet":0,"ocean_menu_typo_font_size_mobile":0,"ocean_menu_typo_font_size_unit":"px","ocean_menu_typo_font_weight":"","ocean_menu_typo_font_weight_tablet":"","ocean_menu_typo_font_weight_mobile":"","ocean_menu_typo_transform":"","ocean_menu_typo_transform_tablet":"","ocean_menu_typo_transform_mobile":"","ocean_menu_typo_line_height":0,"ocean_menu_typo_line_height_tablet":0,"ocean_menu_typo_line_height_mobile":0,"ocean_menu_typo_line_height_unit":"","ocean_menu_typo_spacing":0,"ocean_menu_typo_spacing_tablet":0,"ocean_menu_typo_spacing_mobile":0,"ocean_menu_typo_spacing_unit":"","ocean_menu_link_color":"#cfa65a","ocean_menu_link_color_hover":"","ocean_menu_link_color_active":"","ocean_menu_link_background":"","ocean_menu_link_hover_background":"","ocean_menu_link_active_background":"","ocean_menu_social_links_bg":"","ocean_menu_social_hover_links_bg":"","ocean_menu_social_links_color":"","ocean_menu_social_hover_links_color":"","ocean_disable_title":"default","ocean_disable_heading":"default","ocean_post_title":"","ocean_post_subheading":"","ocean_post_title_style":"","ocean_post_title_background_color":"","ocean_post_title_background":0,"ocean_post_title_bg_image_position":"","ocean_post_title_bg_image_attachment":"","ocean_post_title_bg_image_repeat":"","ocean_post_title_bg_image_size":"","ocean_post_title_height":0,"ocean_post_title_bg_overlay":0.5,"ocean_post_title_bg_overlay_color":"","ocean_disable_breadcrumbs":"default","ocean_breadcrumbs_color":"","ocean_breadcrumbs_separator_color":"","ocean_breadcrumbs_links_color":"","ocean_breadcrumbs_links_hover_color":"","ocean_display_footer_widgets":"default","ocean_display_footer_bottom":"default","ocean_custom_footer_template":"","footnotes":""},"class_list":["post-2102","page","type-page","status-publish","hentry","entry"],"_links":{"self":[{"href":"https:\/\/www.service-inspiration.de\/index.php?rest_route=\/wp\/v2\/pages\/2102","targetHints":{"allow":["GET"]}}],"collection":[{"href":"https:\/\/www.service-inspiration.de\/index.php?rest_route=\/wp\/v2\/pages"}],"about":[{"href":"https:\/\/www.service-inspiration.de\/index.php?rest_route=\/wp\/v2\/types\/page"}],"author":[{"embeddable":true,"href":"https:\/\/www.service-inspiration.de\/index.php?rest_route=\/wp\/v2\/users\/1"}],"replies":[{"embeddable":true,"href":"https:\/\/www.service-inspiration.de\/index.php?rest_route=%2Fwp%2Fv2%2Fcomments&post=2102"}],"version-history":[{"count":5,"href":"https:\/\/www.service-inspiration.de\/index.php?rest_route=\/wp\/v2\/pages\/2102\/revisions"}],"predecessor-version":[{"id":2142,"href":"https:\/\/www.service-inspiration.de\/index.php?rest_route=\/wp\/v2\/pages\/2102\/revisions\/2142"}],"wp:attachment":[{"href":"https:\/\/www.service-inspiration.de\/index.php?rest_route=%2Fwp%2Fv2%2Fmedia&parent=2102"}],"curies":[{"name":"wp","href":"https:\/\/api.w.org\/{rel}","templated":true}]}}