{"id":2075,"date":"2024-09-20T16:54:49","date_gmt":"2024-09-20T14:54:49","guid":{"rendered":"http:\/\/wordpress.service-inspiration.de\/?page_id=2075"},"modified":"2024-09-20T17:18:38","modified_gmt":"2024-09-20T15:18:38","slug":"kontakt","status":"publish","type":"page","link":"https:\/\/www.service-inspiration.de\/?page_id=2075","title":{"rendered":"Kontaktformular"},"content":{"rendered":"\n<hr class=\"wp-block-separator alignwide has-text-color has-ast-global-color-1-color has-alpha-channel-opacity has-ast-global-color-1-background-color has-background is-style-wide\" style=\"margin-top:var(--wp--preset--spacing--40);margin-bottom:var(--wp--preset--spacing--40)\"\/>\n\n\n\n<div class=\"wp-block-group\"><div class=\"wp-block-group__inner-container is-layout-constrained wp-block-group-is-layout-constrained\">\n<div class=\"wp-block-columns are-vertically-aligned-top is-layout-flex wp-container-core-columns-is-layout-9d6595d7 wp-block-columns-is-layout-flex\">\n<div class=\"wp-block-column is-vertically-aligned-stretch is-layout-flow wp-block-column-is-layout-flow\" style=\"flex-basis:100%\">\n<p class=\"has-text-color has-link-color wp-elements-4233894458a3ae7d6a6f055ee5ce92c8\" style=\"color:#cfa65a;font-size:17px\"><strong>Kontakt<\/strong><\/p>\n\n\n\n<p class=\"has-text-color has-link-color has-small-font-size wp-elements-45b9940ce7d3a819bd8dbaf4cdad78ff\" style=\"color:#cfa65a\"><p class=\"has-text-color has-link-color has-small-font-size\" style=\"color: #cfa65a;\">Nun, es kann in meinen H\u00e4nden liegen, f\u00fcr Dich diese Reiki-Energie erlebbar zu machen. <br>Es liegt aber in Deinen H\u00e4nden, sich daf\u00fcr mit mir einen Termin zu vereinbaren!<\/p><\/p>\n\n\n\n<hr class=\"wp-block-separator has-text-color has-alpha-channel-opacity has-background is-style-wide\" style=\"background-color:#cfa65a;color:#cfa65a\"\/>\n\n\n\n<p class=\"has-text-color has-link-color has-small-font-size wp-elements-9d4602fa2f3647ec63132eac4823f1e3\" style=\"color:#cfa65a\"><p class=\"has-text-color has-link-color has-small-font-size\" style=\"color: #cfa65a;\"><p class=\"has-text-color has-link-color has-small-font-size\" style=\"color: #cfa65a;\"><\/p><\/p><div id=\"quform-cde32e\" class=\"quform quform-1 quform-support-page-caching\"><form id=\"quform-form-cde32e\" class=\"quform-form quform-form-1\" action=\"\/index.php?rest_route=%2Fwp%2Fv2%2Fpages%2F2075#quform-cde32e\" method=\"post\" enctype=\"multipart\/form-data\" novalidate=\"novalidate\" data-options=\"{&quot;id&quot;:1,&quot;uniqueId&quot;:&quot;cde32e&quot;,&quot;theme&quot;:&quot;&quot;,&quot;ajax&quot;:true,&quot;logic&quot;:{&quot;logic&quot;:[],&quot;dependents&quot;:[],&quot;elementIds&quot;:[],&quot;dependentElementIds&quot;:[],&quot;animate&quot;:true},&quot;currentPageId&quot;:1,&quot;errorsIcon&quot;:&quot;&quot;,&quot;updateFancybox&quot;:true,&quot;hasPages&quot;:false,&quot;pages&quot;:[1],&quot;pageProgressType&quot;:&quot;numbers&quot;,&quot;tooltipsEnabled&quot;:true,&quot;tooltipClasses&quot;:&quot;qtip-quform-dark qtip-shadow&quot;,&quot;tooltipMy&quot;:&quot;left center&quot;,&quot;tooltipAt&quot;:&quot;right center&quot;,&quot;isRtl&quot;:false,&quot;scrollOffset&quot;:-50,&quot;scrollSpeed&quot;:800}\"><button class=\"quform-default-submit\" name=\"quform_submit\" type=\"submit\" value=\"submit\" aria-hidden=\"true\" tabindex=\"-1\"><\/button><div class=\"quform-form-inner quform-form-inner-1\"><input type=\"hidden\" name=\"quform_form_id\" value=\"1\" \/><input type=\"hidden\" name=\"quform_form_uid\" value=\"cde32e\" \/><input type=\"hidden\" name=\"quform_count\" value=\"1\" \/><input type=\"hidden\" name=\"form_url\" value=\"https:\/\/www.service-inspiration.de\/index.php?rest_route=%2Fwp%2Fv2%2Fpages%2F2075\" \/><input type=\"hidden\" name=\"referring_url\" value=\"\" \/><input type=\"hidden\" name=\"post_id\" value=\"\" \/><input type=\"hidden\" name=\"post_title\" value=\"\" \/><input type=\"hidden\" name=\"quform_current_page_id\" value=\"1\" \/><input type=\"hidden\" name=\"quform_loaded\" value=\"1777901667|d2fe3784d26c7acf444e3cb099b25ef4\" \/><input type=\"hidden\" name=\"quform_csrf_token\" value=\"yX1wW0YpLwtm0cmt4UfdHsuzQGToIbyAybPDsc4F\" \/><div class=\"quform-form-title-description\"><h1 class=\"quform-form-title\"><div style=\"text-align: center\">   <p>Kontaktformular - Service &amp; Inspiration - Tobias Wolf<\/p>     <\/div><\/h1><p class=\"quform-form-description\"><div style=\"text-align: center\"> <p>Postanschrift: Arthur-Scheunert-Allee 154a, \n14558 Nuthetal<\/p><\/p><\/div><div class=\"quform-elements quform-elements-1 quform-cf quform-responsive-elements-phone-landscape\"><div class=\"quform-element quform-element-page quform-page-1 quform-page-1_1 quform-cf quform-group-style-plain quform-first-page quform-last-page quform-current-page\"><div class=\"quform-child-elements\"><div class=\"quform-element quform-element-text quform-element-1_4 quform-cf quform-labels-left quform-element-required\"><div class=\"quform-spacer\"><div class=\"quform-label quform-label-1_4\"><label class=\"quform-label-text\" for=\"quform_1_4_cde32e\">Name<span class=\"quform-required\">*<\/span><\/label><\/div><div class=\"quform-inner quform-inner-text quform-inner-1_4\"><div class=\"quform-input quform-input-text quform-input-1_4 quform-cf\"><input type=\"text\" id=\"quform_1_4_cde32e\" name=\"quform_1_4\" class=\"quform-field quform-field-text quform-field-1_4\" \/><\/div><\/div><\/div><\/div><div class=\"quform-element quform-element-textarea quform-element-1_641379 quform-sr-only quform-cf\" style=\"clip: rect(1px, 1px, 1px, 1px); clip-path: inset(50%); position: absolute !important; height: 1px; width: 1px; overflow: hidden;\"><div class=\"quform-spacer\"><div class=\"quform-label quform-label-1_641379\"><label class=\"quform-label-text\" for=\"quform_1_641379_cde32e\">Company Name<span class=\"quform-required\">*<\/span><\/label><\/div><div class=\"quform-inner quform-inner-1_641379\"><textarea id=\"quform_1_641379_cde32e\" name=\"quform_1_641379\" class=\"quform-field quform-field-textarea quform-field-1_641379\" tabindex=\"-1\" autocomplete=\"new-password\"><\/textarea><\/div><\/div><\/div><div class=\"quform-element quform-element-text quform-element-1_3 quform-cf quform-labels-left quform-element-required\"><div class=\"quform-spacer\"><div class=\"quform-label quform-label-1_3\"><label class=\"quform-label-text\" for=\"quform_1_3_cde32e\">Vorname<span class=\"quform-required\">*<\/span><\/label><\/div><div class=\"quform-inner quform-inner-text quform-inner-1_3\"><div class=\"quform-input quform-input-text quform-input-1_3 quform-cf\"><input type=\"text\" id=\"quform_1_3_cde32e\" name=\"quform_1_3\" class=\"quform-field quform-field-text quform-field-1_3\" \/><\/div><\/div><\/div><\/div><div class=\"quform-element quform-element-textarea quform-element-1_6 quform-cf quform-labels-left quform-element-optional\"><div class=\"quform-spacer\"><div class=\"quform-label quform-label-1_6\"><label class=\"quform-label-text\" for=\"quform_1_6_cde32e\">Postadresse<\/label><\/div><div class=\"quform-inner quform-inner-textarea quform-inner-1_6 quform-field-size-slim\"><div class=\"quform-input quform-input-textarea quform-input-1_6 quform-cf\"><textarea id=\"quform_1_6_cde32e\" name=\"quform_1_6\" class=\"quform-field quform-field-textarea quform-field-1_6\"><\/textarea><\/div><p class=\"quform-description quform-description-below\">Postadresse wird nur ben\u00f6tigt f\u00fcr ein Reiki 2 oder f\u00fcr Behandlungen bei Dir vor Ort<\/p><\/div><\/div><\/div><div class=\"quform-element quform-element-text quform-element-1_7 quform-cf quform-labels-left quform-element-optional\"><div class=\"quform-spacer\"><div class=\"quform-label quform-label-1_7\"><label class=\"quform-label-text\" for=\"quform_1_7_cde32e\">Telefon<\/label><\/div><div class=\"quform-inner quform-inner-text quform-inner-1_7\"><div class=\"quform-input quform-input-text quform-input-1_7 quform-cf\"><input type=\"text\" id=\"quform_1_7_cde32e\" name=\"quform_1_7\" class=\"quform-field quform-field-text quform-field-1_7\" \/><\/div><\/div><\/div><\/div><div class=\"quform-element quform-element-email quform-element-1_8 quform-cf quform-labels-left quform-element-required\"><div class=\"quform-spacer\"><div class=\"quform-label quform-label-1_8\"><label class=\"quform-label-text\" for=\"quform_1_8_cde32e\">E-Mail-Adresse<span class=\"quform-required\">*<\/span><\/label><\/div><div class=\"quform-inner quform-inner-email quform-inner-1_8\"><div class=\"quform-input quform-input-email quform-input-1_8 quform-cf\"><input type=\"email\" id=\"quform_1_8_cde32e\" name=\"quform_1_8\" class=\"quform-field quform-field-email quform-field-1_8\" \/><\/div><\/div><\/div><\/div><div class=\"quform-element quform-element-text quform-element-1_9 quform-cf quform-labels-left quform-element-required\"><div class=\"quform-spacer\"><div class=\"quform-label quform-label-1_9\"><label class=\"quform-label-text\" for=\"quform_1_9_cde32e\">Betreff<span class=\"quform-required\">*<\/span><\/label><\/div><div class=\"quform-inner quform-inner-text quform-inner-1_9\"><div class=\"quform-input quform-input-text quform-input-1_9 quform-cf\"><input type=\"text\" id=\"quform_1_9_cde32e\" name=\"quform_1_9\" class=\"quform-field quform-field-text quform-field-1_9\" \/><\/div><\/div><\/div><\/div><div class=\"quform-element quform-element-textarea quform-element-1_10 quform-cf quform-labels-left quform-element-required\"><div class=\"quform-spacer\"><div class=\"quform-label quform-label-1_10\"><label class=\"quform-label-text\" for=\"quform_1_10_cde32e\">Textbereich<span class=\"quform-required\">*<\/span><\/label><\/div><div class=\"quform-inner quform-inner-textarea quform-inner-1_10 quform-field-size-slim\"><div class=\"quform-input quform-input-textarea quform-input-1_10 quform-cf\"><textarea id=\"quform_1_10_cde32e\" name=\"quform_1_10\" class=\"quform-field quform-field-textarea quform-field-1_10\"><\/textarea><\/div><\/div><\/div><\/div><div class=\"quform-element quform-element-file quform-element-1_11 quform-cf quform-labels-left quform-element-optional\"><div class=\"quform-spacer\"><div class=\"quform-label quform-label-1_11\"><label class=\"quform-label-text\" for=\"quform_1_11_cde32e\">Upload<\/label><\/div><div class=\"quform-inner quform-inner-file quform-inner-1_11\"><div class=\"quform-input quform-input-file quform-input-1_11 quform-cf quform-button-style-theme\"><input type=\"file\" id=\"quform_1_11_cde32e\" name=\"quform_1_11[]\" class=\"quform-field quform-field-file quform-field-1_11 quform-field-file-enhanced\" data-config=\"{&quot;id&quot;:11,&quot;identifier&quot;:&quot;1_11&quot;,&quot;name&quot;:&quot;quform_1_11&quot;,&quot;max&quot;:1,&quot;size&quot;:10485760,&quot;allowedExtensions&quot;:[&quot;jpg&quot;,&quot;jpeg&quot;,&quot;png&quot;,&quot;gif&quot;],&quot;notAllowedTypeWithFilename&quot;:&quot;Der Dateityp &#039;%filename%&#039; ist nicht erlaubt&quot;,&quot;tooBigWithFilename&quot;:&quot;File &#039;%filename%&#039; exceeds the maximum allowed file size&quot;,&quot;tooMany&quot;:&quot;You cannot upload more than %max% file(s)&quot;,&quot;buttonType&quot;:&quot;button&quot;,&quot;buttonText&quot;:&quot;Datei ausw\\u00e4hlen...&quot;,&quot;buttonIcon&quot;:&quot;qicon-file_upload&quot;,&quot;buttonIconPosition&quot;:&quot;right&quot;}\" \/><\/div><\/div><\/div><\/div><div class=\"quform-element quform-element-submit quform-element-1_2 quform-cf quform-button-style-theme\"><div class=\"quform-button-submit quform-button-submit-default quform-button-submit-1_2\"><button name=\"quform_submit\" type=\"submit\" class=\"quform-submit\" value=\"submit\"><span class=\"quform-button-text quform-button-submit-text\">Absenden<\/span><\/button><\/div><div class=\"quform-loading quform-loading-position-left quform-loading-type-spinner-1\"><div class=\"quform-loading-inner\"><div class=\"quform-loading-spinner\"><div class=\"quform-loading-spinner-inner\"><\/div><\/div><\/div><\/div><\/div><\/div><\/div><\/div><div class=\"quform-upload-progress-wrap\"><div class=\"quform-upload-progress-bar-wrap\"><div class=\"quform-upload-progress-bar\"><\/div><\/div><div class=\"quform-upload-info quform-cf\"><div class=\"quform-upload-filename\"><\/div><\/div><\/div><\/div><\/form><\/div><\/p>\n<\/div>\n<\/div>\n<\/div><\/div>\n\n\n\n<p><\/p>\n","protected":false},"excerpt":{"rendered":"<p>Kontakt Nun, es kann in meinen H\u00e4nden liegen, f\u00fcr Dich diese Reiki-Energie erlebbar zu machen. Es liegt aber in Deinen H\u00e4nden, sich daf\u00fcr mit mir einen Termin zu vereinbaren!<\/p>\n","protected":false},"author":1,"featured_media":0,"parent":0,"menu_order":0,"comment_status":"closed","ping_status":"closed","template":"","meta":{"ocean_post_layout":"","ocean_both_sidebars_style":"scs-style","ocean_both_sidebars_content_width":0,"ocean_both_sidebars_sidebars_width":0,"ocean_sidebar":"quadmenu-widgets","ocean_second_sidebar":"0","ocean_disable_margins":"enable","ocean_add_body_class":"","ocean_shortcode_before_top_bar":"","ocean_shortcode_after_top_bar":"","ocean_shortcode_before_header":"","ocean_shortcode_after_header":"","ocean_has_shortcode":"","ocean_shortcode_after_title":"","ocean_shortcode_before_footer_widgets":"","ocean_shortcode_after_footer_widgets":"","ocean_shortcode_before_footer_bottom":"","ocean_shortcode_after_footer_bottom":"","ocean_display_top_bar":"default","ocean_display_header":"default","ocean_header_style":"","ocean_center_header_left_menu":"0","ocean_custom_header_template":"0","ocean_custom_logo":0,"ocean_custom_retina_logo":0,"ocean_custom_logo_max_width":0,"ocean_custom_logo_tablet_max_width":0,"ocean_custom_logo_mobile_max_width":0,"ocean_custom_logo_max_height":0,"ocean_custom_logo_tablet_max_height":0,"ocean_custom_logo_mobile_max_height":0,"ocean_header_custom_menu":"0","ocean_menu_typo_font_family":"Cinzel","ocean_menu_typo_font_subset":"","ocean_menu_typo_font_size":0,"ocean_menu_typo_font_size_tablet":0,"ocean_menu_typo_font_size_mobile":0,"ocean_menu_typo_font_size_unit":"px","ocean_menu_typo_font_weight":"","ocean_menu_typo_font_weight_tablet":"","ocean_menu_typo_font_weight_mobile":"","ocean_menu_typo_transform":"","ocean_menu_typo_transform_tablet":"","ocean_menu_typo_transform_mobile":"","ocean_menu_typo_line_height":0,"ocean_menu_typo_line_height_tablet":0,"ocean_menu_typo_line_height_mobile":0,"ocean_menu_typo_line_height_unit":"","ocean_menu_typo_spacing":0,"ocean_menu_typo_spacing_tablet":0,"ocean_menu_typo_spacing_mobile":0,"ocean_menu_typo_spacing_unit":"","ocean_menu_link_color":"#cfa65a","ocean_menu_link_color_hover":"","ocean_menu_link_color_active":"","ocean_menu_link_background":"","ocean_menu_link_hover_background":"","ocean_menu_link_active_background":"","ocean_menu_social_links_bg":"","ocean_menu_social_hover_links_bg":"","ocean_menu_social_links_color":"","ocean_menu_social_hover_links_color":"","ocean_disable_title":"default","ocean_disable_heading":"default","ocean_post_title":"","ocean_post_subheading":"","ocean_post_title_style":"","ocean_post_title_background_color":"","ocean_post_title_background":0,"ocean_post_title_bg_image_position":"","ocean_post_title_bg_image_attachment":"","ocean_post_title_bg_image_repeat":"","ocean_post_title_bg_image_size":"","ocean_post_title_height":0,"ocean_post_title_bg_overlay":0.5,"ocean_post_title_bg_overlay_color":"","ocean_disable_breadcrumbs":"default","ocean_breadcrumbs_color":"","ocean_breadcrumbs_separator_color":"","ocean_breadcrumbs_links_color":"","ocean_breadcrumbs_links_hover_color":"","ocean_display_footer_widgets":"default","ocean_display_footer_bottom":"default","ocean_custom_footer_template":"0","footnotes":""},"class_list":["post-2075","page","type-page","status-publish","hentry","entry"],"_links":{"self":[{"href":"https:\/\/www.service-inspiration.de\/index.php?rest_route=\/wp\/v2\/pages\/2075","targetHints":{"allow":["GET"]}}],"collection":[{"href":"https:\/\/www.service-inspiration.de\/index.php?rest_route=\/wp\/v2\/pages"}],"about":[{"href":"https:\/\/www.service-inspiration.de\/index.php?rest_route=\/wp\/v2\/types\/page"}],"author":[{"embeddable":true,"href":"https:\/\/www.service-inspiration.de\/index.php?rest_route=\/wp\/v2\/users\/1"}],"replies":[{"embeddable":true,"href":"https:\/\/www.service-inspiration.de\/index.php?rest_route=%2Fwp%2Fv2%2Fcomments&post=2075"}],"version-history":[{"count":5,"href":"https:\/\/www.service-inspiration.de\/index.php?rest_route=\/wp\/v2\/pages\/2075\/revisions"}],"predecessor-version":[{"id":2094,"href":"https:\/\/www.service-inspiration.de\/index.php?rest_route=\/wp\/v2\/pages\/2075\/revisions\/2094"}],"wp:attachment":[{"href":"https:\/\/www.service-inspiration.de\/index.php?rest_route=%2Fwp%2Fv2%2Fmedia&parent=2075"}],"curies":[{"name":"wp","href":"https:\/\/api.w.org\/{rel}","templated":true}]}}