{"id":2061,"date":"2024-09-20T12:55:55","date_gmt":"2024-09-20T10:55:55","guid":{"rendered":"http:\/\/wordpress.service-inspiration.de\/?page_id=2061"},"modified":"2024-09-20T12:55:55","modified_gmt":"2024-09-20T10:55:55","slug":"schulmedizin","status":"publish","type":"page","link":"https:\/\/www.service-inspiration.de\/?page_id=2061","title":{"rendered":"Schulmedizin"},"content":{"rendered":"\n<hr class=\"wp-block-separator alignwide has-text-color has-ast-global-color-1-color has-alpha-channel-opacity has-ast-global-color-1-background-color has-background is-style-wide\" style=\"margin-top:var(--wp--preset--spacing--40);margin-bottom:var(--wp--preset--spacing--40)\"\/>\n\n\n\n<div class=\"wp-block-group\"><div class=\"wp-block-group__inner-container is-layout-constrained wp-block-group-is-layout-constrained\">\n<div class=\"wp-block-columns are-vertically-aligned-top is-layout-flex wp-container-core-columns-is-layout-9d6595d7 wp-block-columns-is-layout-flex\">\n<div class=\"wp-block-column is-vertically-aligned-stretch is-layout-flow wp-block-column-is-layout-flow\" style=\"flex-basis:100%\">\n<p class=\"has-text-color has-link-color wp-elements-5c0a00e53f8b310fc845a2ce443018ac\" style=\"color:#cfa65a;font-size:17px\"><strong>Hinweis! Bei einer Reikibehandlung werden die Selbstheilungskr\u00e4fte aktiviert. F\u00fcr die Erstellung von Diagnosen ist immer noch ein Arzt oder Heilpraktiker notwendig!<\/strong><\/p>\n\n\n\n<p class=\"has-small-font-size\">Lass mich zum Thema Schulmedizin etwas aus meiner pers\u00f6nlichen Sichtweise erl\u00e4utern.&nbsp;&nbsp;<\/p>\n\n\n\n<p>Ich bin der Schulmedizin \u00e4u\u00dferst dankbar, dass es sie heutzutage gibt. Ihr verdanke ich es, dass ich nach meinen eigenen Unf\u00e4llen ein Leben ohne sichtbare Einschr\u00e4nkungen f\u00fchren kann.&nbsp;&nbsp;<\/p>\n\n\n\n<p>F\u00fcr mich besteht der Unterschied zwischen der Schulmedizin und einer spirituellen bzw. energetischen Behandlung, wie zum Beispiel mit Reiki, darin, dass sich die Schulmedizin speziell um das Symptom k\u00fcmmert und es behandelt. Bei mir hingegen richtet sich die gr\u00f6\u00dfte Aufmerksamkeit auf die Ursache des Symptoms. Die Reikienergie flie\u00dft nie zum Symptom, sondern immer direkt zur Ursache. Daraus ergibt sich f\u00fcr mich, dass eine spirituelle bzw. energetische Behandlung am wirkungsvollsten ist, in Form einer prophylaktischen Behandlung bzw. im Anfangsstadium eines Symptoms. Bei fortgeschrittenem Stadium eines Symptoms, kann es die Beschwerden lindern.&nbsp;&nbsp;<\/p>\n\n\n\n<p>Mein pers\u00f6nlicher Wunsch ist es, dass die Schulmedizin und spirituelle oder energetische Modalit\u00e4ten sich so ann\u00e4hern, dass ein Zusammenwirken von beiden Formen m\u00f6glich wird, weil ich glaube, dass aus beiden Formen die zur Zeit gr\u00f6\u00dftm\u00f6glichste Wirkung erzielt werden kann. Ich selbst durfte dabei schon Erfahrungen sammeln, wo \u00c4rzte daf\u00fcr offen waren und sogar ein Zusammenspiel zwischen beiden Formen ausdr\u00fccklich empfohlen haben. Zitat eines Arztes mir gegen\u00fcber in Bezug auf meine Arbeit: \u201eF\u00fcr mich hat diejenige Person recht die heilt und wenn der Grund daf\u00fcr H\u00fchnerschei\u00dfe w\u00e4re!\u201c Rechtlich muss ich dazu anmerken, dass vom Gesetz her nur die Schulmedizin behaupten darf, heilen zu k\u00f6nnen. Ich vertrete die Meinung, dass der einzigste Mensch den wir heilen k\u00f6nnen, nur wir selbst sind. Deshalb sehe ich in beiden Formen lediglich eine Art der Unterst\u00fctzung f\u00fcr Dich, Dir selbst helfen zu k\u00f6nnen, auf dem Weg zu Deiner eigenen Heilung.&nbsp;&nbsp;<\/p>\n\n\n\n<p>Ich bin also absolut offen f\u00fcr eine Zusammenarbeit mit Medizinern oder Heilpraktikern!&nbsp;&nbsp;<\/p>\n\n\n\n<p>Den einzigsten Punkt, den ich pers\u00f6nlich f\u00fcr sehr bedenklich halte und kritisiere an der Schulmedizin ist, wenn einige Mediziner Aussagen treffen, \u00fcber die Zeit die ein Mensch noch zu leben hat, bei einem schweren, oder zur Zeit aus Sicht der Schulmedizin unheilbaren Symptom. Glaubt nun der betroffene Patient ausschlie\u00dflich an die Kraft bzw. Wirkung der Schulmedizin, ist es m\u00f6glich, dass dieser Mensch sich jetzt selbst aufgeben k\u00f6nnte. Aus meiner Sicht w\u00e4re es richtig, solchen Menschen zu so einem Zeitpunkt mitzuteilen, dass die Schulmedizin an dieser Stelle ihre Grenzen erreicht hat. So obliegt es diesen Menschen immer noch die&nbsp;<strong>Verantwortung f\u00fcr sich selbst zu \u00fcbernehmen&nbsp;<\/strong>und zu schauen, ob sich noch eine alternative Heilmethode au\u00dferhalb der Schulmedizin finden l\u00e4sst, wenn dieser Mensch das auch will. Zum Beispiel sind Menschen die das geschafft haben aus meiner Sicht die, die sich dann durch eine sogenannte Spontanheilung selbst geheilt haben. F\u00fcr diese Spontanheilung hat die Schulmedizin aber noch keine Erkl\u00e4rung. Da sich aber aus meiner eigenen Sichtweise der Mensch immer selbst heilt, ergibt eine sogenannte Spontanheilung absolut Sinn.<\/p>\n\n\n\n<p class=\"has-text-color has-link-color has-small-font-size wp-elements-256a53ea8019e83c109880ce2b7cf668\" style=\"color:#cfa65a\"><strong>Ein Symptom ist aus meiner pers\u00f6nlichen Sicht eine Aufforderung an uns, uns selbst zu ver\u00e4ndern, anstatt wir immer die Anderen ver\u00e4ndern wollen.<\/strong><\/p>\n<\/div>\n<\/div>\n<\/div><\/div>\n\n\n\n<p><\/p>\n","protected":false},"excerpt":{"rendered":"<p>Hinweis! Bei einer Reikibehandlung werden die Selbstheilungskr\u00e4fte aktiviert. F\u00fcr die Erstellung von Diagnosen ist immer noch ein Arzt oder Heilpraktiker notwendig! Lass mich zum Thema Schulmedizin etwas aus meiner pers\u00f6nlichen Sichtweise erl\u00e4utern.&nbsp;&nbsp; Ich bin der Schulmedizin \u00e4u\u00dferst dankbar, dass es sie heutzutage gibt. Ihr verdanke ich es, dass ich nach meinen eigenen Unf\u00e4llen ein Leben [&hellip;]<\/p>\n","protected":false},"author":1,"featured_media":0,"parent":0,"menu_order":0,"comment_status":"closed","ping_status":"closed","template":"","meta":{"ocean_post_layout":"","ocean_both_sidebars_style":"scs-style","ocean_both_sidebars_content_width":0,"ocean_both_sidebars_sidebars_width":0,"ocean_sidebar":"quadmenu-widgets","ocean_second_sidebar":"","ocean_disable_margins":"enable","ocean_add_body_class":"","ocean_shortcode_before_top_bar":"","ocean_shortcode_after_top_bar":"","ocean_shortcode_before_header":"","ocean_shortcode_after_header":"","ocean_has_shortcode":"","ocean_shortcode_after_title":"","ocean_shortcode_before_footer_widgets":"","ocean_shortcode_after_footer_widgets":"","ocean_shortcode_before_footer_bottom":"","ocean_shortcode_after_footer_bottom":"","ocean_display_top_bar":"default","ocean_display_header":"default","ocean_header_style":"","ocean_center_header_left_menu":"","ocean_custom_header_template":"","ocean_custom_logo":0,"ocean_custom_retina_logo":0,"ocean_custom_logo_max_width":0,"ocean_custom_logo_tablet_max_width":0,"ocean_custom_logo_mobile_max_width":0,"ocean_custom_logo_max_height":0,"ocean_custom_logo_tablet_max_height":0,"ocean_custom_logo_mobile_max_height":0,"ocean_header_custom_menu":"","ocean_menu_typo_font_family":"Cinzel","ocean_menu_typo_font_subset":"","ocean_menu_typo_font_size":0,"ocean_menu_typo_font_size_tablet":0,"ocean_menu_typo_font_size_mobile":0,"ocean_menu_typo_font_size_unit":"px","ocean_menu_typo_font_weight":"","ocean_menu_typo_font_weight_tablet":"","ocean_menu_typo_font_weight_mobile":"","ocean_menu_typo_transform":"","ocean_menu_typo_transform_tablet":"","ocean_menu_typo_transform_mobile":"","ocean_menu_typo_line_height":0,"ocean_menu_typo_line_height_tablet":0,"ocean_menu_typo_line_height_mobile":0,"ocean_menu_typo_line_height_unit":"","ocean_menu_typo_spacing":0,"ocean_menu_typo_spacing_tablet":0,"ocean_menu_typo_spacing_mobile":0,"ocean_menu_typo_spacing_unit":"","ocean_menu_link_color":"#cfa65a","ocean_menu_link_color_hover":"","ocean_menu_link_color_active":"","ocean_menu_link_background":"","ocean_menu_link_hover_background":"","ocean_menu_link_active_background":"","ocean_menu_social_links_bg":"","ocean_menu_social_hover_links_bg":"","ocean_menu_social_links_color":"","ocean_menu_social_hover_links_color":"","ocean_disable_title":"default","ocean_disable_heading":"default","ocean_post_title":"","ocean_post_subheading":"","ocean_post_title_style":"","ocean_post_title_background_color":"","ocean_post_title_background":0,"ocean_post_title_bg_image_position":"","ocean_post_title_bg_image_attachment":"","ocean_post_title_bg_image_repeat":"","ocean_post_title_bg_image_size":"","ocean_post_title_height":0,"ocean_post_title_bg_overlay":0.5,"ocean_post_title_bg_overlay_color":"","ocean_disable_breadcrumbs":"default","ocean_breadcrumbs_color":"","ocean_breadcrumbs_separator_color":"","ocean_breadcrumbs_links_color":"","ocean_breadcrumbs_links_hover_color":"","ocean_display_footer_widgets":"default","ocean_display_footer_bottom":"default","ocean_custom_footer_template":"","footnotes":""},"class_list":["post-2061","page","type-page","status-publish","hentry","entry"],"_links":{"self":[{"href":"https:\/\/www.service-inspiration.de\/index.php?rest_route=\/wp\/v2\/pages\/2061","targetHints":{"allow":["GET"]}}],"collection":[{"href":"https:\/\/www.service-inspiration.de\/index.php?rest_route=\/wp\/v2\/pages"}],"about":[{"href":"https:\/\/www.service-inspiration.de\/index.php?rest_route=\/wp\/v2\/types\/page"}],"author":[{"embeddable":true,"href":"https:\/\/www.service-inspiration.de\/index.php?rest_route=\/wp\/v2\/users\/1"}],"replies":[{"embeddable":true,"href":"https:\/\/www.service-inspiration.de\/index.php?rest_route=%2Fwp%2Fv2%2Fcomments&post=2061"}],"version-history":[{"count":1,"href":"https:\/\/www.service-inspiration.de\/index.php?rest_route=\/wp\/v2\/pages\/2061\/revisions"}],"predecessor-version":[{"id":2062,"href":"https:\/\/www.service-inspiration.de\/index.php?rest_route=\/wp\/v2\/pages\/2061\/revisions\/2062"}],"wp:attachment":[{"href":"https:\/\/www.service-inspiration.de\/index.php?rest_route=%2Fwp%2Fv2%2Fmedia&parent=2061"}],"curies":[{"name":"wp","href":"https:\/\/api.w.org\/{rel}","templated":true}]}}