{"id":1877,"date":"2024-09-15T08:44:02","date_gmt":"2024-09-15T06:44:02","guid":{"rendered":"http:\/\/wordpress.service-inspiration.de\/?page_id=1877"},"modified":"2024-09-16T16:20:26","modified_gmt":"2024-09-16T14:20:26","slug":"reiki-2-2","status":"publish","type":"page","link":"https:\/\/www.service-inspiration.de\/?page_id=1877","title":{"rendered":"Reiki 2"},"content":{"rendered":"\n<hr class=\"wp-block-separator alignwide has-text-color has-ast-global-color-1-color has-alpha-channel-opacity has-ast-global-color-1-background-color has-background is-style-wide\" style=\"margin-top:var(--wp--preset--spacing--40);margin-bottom:var(--wp--preset--spacing--40)\"\/>\n\n\n\n<div class=\"wp-block-columns are-vertically-aligned-top is-layout-flex wp-container-core-columns-is-layout-9d6595d7 wp-block-columns-is-layout-flex\">\n<div class=\"wp-block-column is-vertically-aligned-stretch is-layout-flow wp-block-column-is-layout-flow\" style=\"flex-basis:100%\">\n<p class=\"has-text-color has-link-color wp-elements-8602befd5e3fe6cb7cbe1c044599e45f\" style=\"color:#cfa65a;font-size:17px\"><strong>Reiki 2<\/strong>&nbsp;<\/p>\n\n\n\n<p class=\"has-small-font-size\">Du w\u00fcnschst ein Reiki 2 ? Was ist das? &nbsp;<\/p>\n\n\n\n<p class=\"has-small-font-size\">Reiki 2 bedeutet Fernheilung. Ich beschreibe ein Reiki 2 so: F\u00fcr mich ist es eine Art Blick auf Deine Seele. Ein Blick hinter Deine Fassade, die wir allzu oft aufbauen. Wenn ich Dir ein Reiki 2 schreiben soll, brauche ich Dein Einverst\u00e4ndnis, ein Foto von Dir auf dem ich die Augen sehen kann und Deinen Vornamen. Dein Vorname hat heilige Frequenz. Es ist egal wie alt das Foto ist. Dieses Reiki 2 f\u00fchre ich also durch, ohne das Du bei mir vor Ort bist. Es wird in Schriftform durchgef\u00fchrt und anschlie\u00dfend an Dich verschickt. W\u00fcnschenswert aber keine Bedingung w\u00e4re mir ein Feedback von Dir. Es unterst\u00fctzt meine Arbeit, tiefer gehen zu k\u00f6nnen, was sich letztendlich auf meinen Service und meine Inspiration auswirkt.&nbsp;&nbsp;&nbsp;<\/p>\n\n\n\n<p class=\"has-text-color has-link-color has-small-font-size wp-elements-f9a6ce7b583c01864680700ba78558bd\" style=\"color:#cfa65a\"><strong>Hast Du Lust, es mal zu probieren?<\/strong><\/p>\n<\/div>\n<\/div>\n\n\n\n<figure class=\"wp-block-table\">\n<table class=\"has-fixed-layout aligncenter\" style=\"height: 400px; width: 100px; border-style: none;\">\n<tbody>\n<tr>\n<td>\u00a0<\/td>\n<\/tr>\n<tr>\n<td>\u00a0<\/td>\n<\/tr>\n<\/tbody>\n<\/table>\n<\/figure>\n","protected":false},"excerpt":{"rendered":"<p>Reiki 2&nbsp; Du w\u00fcnschst ein Reiki 2 ? Was ist das? &nbsp; Reiki 2 bedeutet Fernheilung. Ich beschreibe ein Reiki 2 so: F\u00fcr mich ist es eine Art Blick auf Deine Seele. Ein Blick hinter Deine Fassade, die wir allzu oft aufbauen. Wenn ich Dir ein Reiki 2 schreiben soll, brauche ich Dein Einverst\u00e4ndnis, ein [&hellip;]<\/p>\n","protected":false},"author":1,"featured_media":0,"parent":1399,"menu_order":0,"comment_status":"closed","ping_status":"closed","template":"","meta":{"ocean_post_layout":"","ocean_both_sidebars_style":"scs-style","ocean_both_sidebars_content_width":0,"ocean_both_sidebars_sidebars_width":0,"ocean_sidebar":"quadmenu-widgets","ocean_second_sidebar":"","ocean_disable_margins":"enable","ocean_add_body_class":"","ocean_shortcode_before_top_bar":"","ocean_shortcode_after_top_bar":"","ocean_shortcode_before_header":"","ocean_shortcode_after_header":"","ocean_has_shortcode":"","ocean_shortcode_after_title":"","ocean_shortcode_before_footer_widgets":"","ocean_shortcode_after_footer_widgets":"","ocean_shortcode_before_footer_bottom":"","ocean_shortcode_after_footer_bottom":"","ocean_display_top_bar":"default","ocean_display_header":"default","ocean_header_style":"","ocean_center_header_left_menu":"","ocean_custom_header_template":"","ocean_custom_logo":0,"ocean_custom_retina_logo":0,"ocean_custom_logo_max_width":0,"ocean_custom_logo_tablet_max_width":0,"ocean_custom_logo_mobile_max_width":0,"ocean_custom_logo_max_height":0,"ocean_custom_logo_tablet_max_height":0,"ocean_custom_logo_mobile_max_height":0,"ocean_header_custom_menu":"","ocean_menu_typo_font_family":"Cinzel","ocean_menu_typo_font_subset":"","ocean_menu_typo_font_size":0,"ocean_menu_typo_font_size_tablet":0,"ocean_menu_typo_font_size_mobile":0,"ocean_menu_typo_font_size_unit":"px","ocean_menu_typo_font_weight":"","ocean_menu_typo_font_weight_tablet":"","ocean_menu_typo_font_weight_mobile":"","ocean_menu_typo_transform":"","ocean_menu_typo_transform_tablet":"","ocean_menu_typo_transform_mobile":"","ocean_menu_typo_line_height":0,"ocean_menu_typo_line_height_tablet":0,"ocean_menu_typo_line_height_mobile":0,"ocean_menu_typo_line_height_unit":"","ocean_menu_typo_spacing":0,"ocean_menu_typo_spacing_tablet":0,"ocean_menu_typo_spacing_mobile":0,"ocean_menu_typo_spacing_unit":"","ocean_menu_link_color":"#cfa65a","ocean_menu_link_color_hover":"","ocean_menu_link_color_active":"","ocean_menu_link_background":"","ocean_menu_link_hover_background":"","ocean_menu_link_active_background":"","ocean_menu_social_links_bg":"","ocean_menu_social_hover_links_bg":"","ocean_menu_social_links_color":"","ocean_menu_social_hover_links_color":"","ocean_disable_title":"default","ocean_disable_heading":"default","ocean_post_title":"","ocean_post_subheading":"","ocean_post_title_style":"","ocean_post_title_background_color":"","ocean_post_title_background":0,"ocean_post_title_bg_image_position":"","ocean_post_title_bg_image_attachment":"","ocean_post_title_bg_image_repeat":"","ocean_post_title_bg_image_size":"","ocean_post_title_height":0,"ocean_post_title_bg_overlay":0.5,"ocean_post_title_bg_overlay_color":"","ocean_disable_breadcrumbs":"default","ocean_breadcrumbs_color":"","ocean_breadcrumbs_separator_color":"","ocean_breadcrumbs_links_color":"","ocean_breadcrumbs_links_hover_color":"","ocean_display_footer_widgets":"default","ocean_display_footer_bottom":"default","ocean_custom_footer_template":"","footnotes":""},"class_list":["post-1877","page","type-page","status-publish","hentry","entry"],"_links":{"self":[{"href":"https:\/\/www.service-inspiration.de\/index.php?rest_route=\/wp\/v2\/pages\/1877","targetHints":{"allow":["GET"]}}],"collection":[{"href":"https:\/\/www.service-inspiration.de\/index.php?rest_route=\/wp\/v2\/pages"}],"about":[{"href":"https:\/\/www.service-inspiration.de\/index.php?rest_route=\/wp\/v2\/types\/page"}],"author":[{"embeddable":true,"href":"https:\/\/www.service-inspiration.de\/index.php?rest_route=\/wp\/v2\/users\/1"}],"replies":[{"embeddable":true,"href":"https:\/\/www.service-inspiration.de\/index.php?rest_route=%2Fwp%2Fv2%2Fcomments&post=1877"}],"version-history":[{"count":0,"href":"https:\/\/www.service-inspiration.de\/index.php?rest_route=\/wp\/v2\/pages\/1877\/revisions"}],"up":[{"embeddable":true,"href":"https:\/\/www.service-inspiration.de\/index.php?rest_route=\/wp\/v2\/pages\/1399"}],"wp:attachment":[{"href":"https:\/\/www.service-inspiration.de\/index.php?rest_route=%2Fwp%2Fv2%2Fmedia&parent=1877"}],"curies":[{"name":"wp","href":"https:\/\/api.w.org\/{rel}","templated":true}]}}