{"id":1810,"date":"2024-09-14T13:42:49","date_gmt":"2024-09-14T11:42:49","guid":{"rendered":"http:\/\/wordpress.service-inspiration.de\/?page_id=1810"},"modified":"2024-09-15T11:17:38","modified_gmt":"2024-09-15T09:17:38","slug":"wirkung-von-reiki","status":"publish","type":"page","link":"https:\/\/www.service-inspiration.de\/?page_id=1810","title":{"rendered":"Wirkung von Reiki"},"content":{"rendered":"\n<hr class=\"wp-block-separator alignwide has-text-color has-ast-global-color-1-color has-alpha-channel-opacity has-ast-global-color-1-background-color has-background is-style-wide\" style=\"margin-top:var(--wp--preset--spacing--40);margin-bottom:var(--wp--preset--spacing--40)\"\/>\n\n\n\n<div class=\"wp-block-columns are-vertically-aligned-top is-layout-flex wp-container-core-columns-is-layout-9d6595d7 wp-block-columns-is-layout-flex\">\n<div class=\"wp-block-column is-vertically-aligned-stretch is-layout-flow wp-block-column-is-layout-flow\" style=\"flex-basis:100%\">\n<p class=\"has-text-color has-link-color wp-elements-782d2fdf65a18c425de90cf48a3e6fe3\" style=\"color:#cfa65a;font-size:17px\"><strong>Was ist die Wirkung von Reiki?&nbsp;<\/strong>&nbsp;&nbsp;&nbsp;&nbsp;&nbsp; &nbsp;<\/p>\n\n\n\n<p class=\"has-text-color has-link-color wp-elements-45c78def93eaf582eab00becb0314cbd\" style=\"color:#cfa65a;font-size:17px\"><\/p>\n\n\n\n<p class=\"has-small-font-size\">Willst Du einmal eine Reiki-Anwendung erleben und diese Energie sp\u00fcren?&nbsp;&nbsp; &nbsp;<\/p>\n\n\n\n<p>Es ist eine Behandlung, die auf wundervolle Weise entspannend, wohltuend und harmonisierend auf Dich wirkt. So k\u00f6nnen Blockaden gel\u00f6st, Stress abgebaut und Deine Selbstheilungskr\u00e4fte aktiviert werden. Das Alles aber nur, wenn Du offen daf\u00fcr bist. Dein Glaube bzw. Wille ist mir heilig und ich respektiere diesen. Wer die Wirkung dieser Reiki-Energie f\u00fcr unm\u00f6glich h\u00e4lt und sich trotzdem behandeln l\u00e4sst, wird so gehen, wie er gekommen ist. Es kann dadurch kein Schaden zugef\u00fcgt werden. Wer dagegen offen ist f\u00fcr die Erfahrung einer solchen Anwendung, \u00f6ffnet sich damit einer M\u00f6glichkeit, Erstaunliches erleben zu k\u00f6nnen. Wie schon gesagt, es h\u00e4ngt von Dir selbst ab, wo und wie weit Du Deine Grenzen gesteckt hast, oder wie bereit Du dazu bist, Dich zu \u00f6ffnen und dadurch Be- und Eingrenzungen hinter Dir zu lassen.&nbsp;&nbsp; &nbsp;<\/p>\n\n\n\n<p>Worin besteht dann eigentlich meine Aufgabe bei einer Behandlung, wenn ich doch davon rede, dass es ohne Dein Zutun nicht funktioniert?&nbsp;&nbsp; &nbsp;<\/p>\n\n\n\n<p class=\"has-small-font-size\">Ich sehe meine Arbeit haupts\u00e4chlich darin, Dich zu inspirieren und dadurch Deine Selbstheilungskr\u00e4fte wieder in Schwung zu bringen, zu aktivieren. Die Reiki-Energie unterst\u00fctzt mich dabei Dich inspirieren zu wollen. Das geschieht ohne viele Worte. Du entspannst Dich auf einer Massageliege und lernst die Reiki-Energie kennen und schauen, wie diese Reiki-Energie auf Dich wirkt. Anschlie\u00dfend ist es wichtig, dass wir uns gegenseitig dazu austauschen, was Du und was ich gesp\u00fcrt habe. Dieser Austausch unterst\u00fctzt meine weitere Arbeit und kann Dir helfen, mehr Verantwortung f\u00fcr Deinen Lebensweg zu \u00fcbernehmen, denn aus meiner Sicht ist es \u00e4u\u00dferst wichtig, dass Du die Verantwortung f\u00fcr Dich selbst&nbsp;<strong>erkennst und auch \u00fcbernimmst!<\/strong><\/p>\n<\/div>\n<\/div>\n\n\n\n<div class=\"wp-block-group\"><div class=\"wp-block-group__inner-container is-layout-constrained wp-block-group-is-layout-constrained\"><\/div><\/div>\n\n\n\n<div class=\"wp-block-columns are-vertically-aligned-top is-layout-flex wp-container-core-columns-is-layout-9d6595d7 wp-block-columns-is-layout-flex\">\n<div class=\"wp-block-column is-vertically-aligned-top is-layout-flow wp-block-column-is-layout-flow\" style=\"flex-basis:100%\"><\/div>\n<\/div>\n","protected":false},"excerpt":{"rendered":"<p>Was ist die Wirkung von Reiki?&nbsp;&nbsp;&nbsp;&nbsp;&nbsp;&nbsp; &nbsp; Willst Du einmal eine Reiki-Anwendung erleben und diese Energie sp\u00fcren?&nbsp;&nbsp; &nbsp; Es ist eine Behandlung, die auf wundervolle Weise entspannend, wohltuend und harmonisierend auf Dich wirkt. So k\u00f6nnen Blockaden gel\u00f6st, Stress abgebaut und Deine Selbstheilungskr\u00e4fte aktiviert werden. Das Alles aber nur, wenn Du offen daf\u00fcr bist. Dein Glaube [&hellip;]<\/p>\n","protected":false},"author":1,"featured_media":0,"parent":1399,"menu_order":0,"comment_status":"closed","ping_status":"closed","template":"","meta":{"ocean_post_layout":"","ocean_both_sidebars_style":"scs-style","ocean_both_sidebars_content_width":0,"ocean_both_sidebars_sidebars_width":0,"ocean_sidebar":"quadmenu-widgets","ocean_second_sidebar":"","ocean_disable_margins":"enable","ocean_add_body_class":"","ocean_shortcode_before_top_bar":"","ocean_shortcode_after_top_bar":"","ocean_shortcode_before_header":"","ocean_shortcode_after_header":"","ocean_has_shortcode":"","ocean_shortcode_after_title":"","ocean_shortcode_before_footer_widgets":"","ocean_shortcode_after_footer_widgets":"","ocean_shortcode_before_footer_bottom":"","ocean_shortcode_after_footer_bottom":"","ocean_display_top_bar":"default","ocean_display_header":"default","ocean_header_style":"","ocean_center_header_left_menu":"","ocean_custom_header_template":"","ocean_custom_logo":0,"ocean_custom_retina_logo":0,"ocean_custom_logo_max_width":0,"ocean_custom_logo_tablet_max_width":0,"ocean_custom_logo_mobile_max_width":0,"ocean_custom_logo_max_height":0,"ocean_custom_logo_tablet_max_height":0,"ocean_custom_logo_mobile_max_height":0,"ocean_header_custom_menu":"","ocean_menu_typo_font_family":"Cinzel","ocean_menu_typo_font_subset":"","ocean_menu_typo_font_size":0,"ocean_menu_typo_font_size_tablet":0,"ocean_menu_typo_font_size_mobile":0,"ocean_menu_typo_font_size_unit":"px","ocean_menu_typo_font_weight":"","ocean_menu_typo_font_weight_tablet":"","ocean_menu_typo_font_weight_mobile":"","ocean_menu_typo_transform":"","ocean_menu_typo_transform_tablet":"","ocean_menu_typo_transform_mobile":"","ocean_menu_typo_line_height":0,"ocean_menu_typo_line_height_tablet":0,"ocean_menu_typo_line_height_mobile":0,"ocean_menu_typo_line_height_unit":"","ocean_menu_typo_spacing":0,"ocean_menu_typo_spacing_tablet":0,"ocean_menu_typo_spacing_mobile":0,"ocean_menu_typo_spacing_unit":"","ocean_menu_link_color":"#cfa65a","ocean_menu_link_color_hover":"","ocean_menu_link_color_active":"#9c143400","ocean_menu_link_background":"","ocean_menu_link_hover_background":"","ocean_menu_link_active_background":"","ocean_menu_social_links_bg":"","ocean_menu_social_hover_links_bg":"","ocean_menu_social_links_color":"","ocean_menu_social_hover_links_color":"","ocean_disable_title":"default","ocean_disable_heading":"default","ocean_post_title":"","ocean_post_subheading":"","ocean_post_title_style":"","ocean_post_title_background_color":"","ocean_post_title_background":0,"ocean_post_title_bg_image_position":"","ocean_post_title_bg_image_attachment":"","ocean_post_title_bg_image_repeat":"","ocean_post_title_bg_image_size":"","ocean_post_title_height":0,"ocean_post_title_bg_overlay":0.5,"ocean_post_title_bg_overlay_color":"","ocean_disable_breadcrumbs":"default","ocean_breadcrumbs_color":"","ocean_breadcrumbs_separator_color":"","ocean_breadcrumbs_links_color":"","ocean_breadcrumbs_links_hover_color":"","ocean_display_footer_widgets":"default","ocean_display_footer_bottom":"default","ocean_custom_footer_template":"","footnotes":""},"class_list":["post-1810","page","type-page","status-publish","hentry","entry"],"_links":{"self":[{"href":"https:\/\/www.service-inspiration.de\/index.php?rest_route=\/wp\/v2\/pages\/1810","targetHints":{"allow":["GET"]}}],"collection":[{"href":"https:\/\/www.service-inspiration.de\/index.php?rest_route=\/wp\/v2\/pages"}],"about":[{"href":"https:\/\/www.service-inspiration.de\/index.php?rest_route=\/wp\/v2\/types\/page"}],"author":[{"embeddable":true,"href":"https:\/\/www.service-inspiration.de\/index.php?rest_route=\/wp\/v2\/users\/1"}],"replies":[{"embeddable":true,"href":"https:\/\/www.service-inspiration.de\/index.php?rest_route=%2Fwp%2Fv2%2Fcomments&post=1810"}],"version-history":[{"count":0,"href":"https:\/\/www.service-inspiration.de\/index.php?rest_route=\/wp\/v2\/pages\/1810\/revisions"}],"up":[{"embeddable":true,"href":"https:\/\/www.service-inspiration.de\/index.php?rest_route=\/wp\/v2\/pages\/1399"}],"wp:attachment":[{"href":"https:\/\/www.service-inspiration.de\/index.php?rest_route=%2Fwp%2Fv2%2Fmedia&parent=1810"}],"curies":[{"name":"wp","href":"https:\/\/api.w.org\/{rel}","templated":true}]}}