{"id":1399,"date":"2024-09-07T05:55:18","date_gmt":"2024-09-07T03:55:18","guid":{"rendered":"http:\/\/wordpress.service-inspiration.de\/?page_id=1399"},"modified":"2024-09-29T16:44:50","modified_gmt":"2024-09-29T14:44:50","slug":"ueber-mich","status":"publish","type":"page","link":"https:\/\/www.service-inspiration.de\/?page_id=1399","title":{"rendered":"\u00dcber mich"},"content":{"rendered":"\n<figure class=\"wp-block-image size-large has-custom-border\"><img loading=\"lazy\" decoding=\"async\" width=\"1024\" height=\"51\" src=\"http:\/\/wordpress.service-inspiration.de\/wp-content\/uploads\/2024\/09\/titelschrift-1-1024x51.png\" alt=\"\" class=\"wp-image-2160\" style=\"border-style:none;border-width:0px;border-radius:0px;box-shadow:var(--wp--preset--shadow--natural)\" srcset=\"https:\/\/www.service-inspiration.de\/wp-content\/uploads\/2024\/09\/titelschrift-1-1024x51.png 1024w, https:\/\/www.service-inspiration.de\/wp-content\/uploads\/2024\/09\/titelschrift-1-300x15.png 300w, https:\/\/www.service-inspiration.de\/wp-content\/uploads\/2024\/09\/titelschrift-1-768x38.png 768w, https:\/\/www.service-inspiration.de\/wp-content\/uploads\/2024\/09\/titelschrift-1.png 1108w\" sizes=\"auto, (max-width: 1024px) 100vw, 1024px\" \/><\/figure>\n\n\n\n<div class=\"wp-block-columns are-vertically-aligned-top is-layout-flex wp-container-core-columns-is-layout-9d6595d7 wp-block-columns-is-layout-flex\">\n<div class=\"wp-block-column is-vertically-aligned-stretch is-layout-flow wp-block-column-is-layout-flow\" style=\"flex-basis:50%\">\n<p class=\"has-text-color has-link-color wp-elements-2ebc531e3c34424d8e98f0a5a62406da\" style=\"color:#cfa65a;font-size:17px\"><strong>Ich, Tobias Wolf, begr\u00fc\u00dfe Dich hier auf meiner Seite: Service &amp; Inspiration!\u00a0\u00a0<\/strong><\/p>\n\n\n\n<p class=\"has-text-color has-link-color wp-elements-204844eba045e55219eb98e7f756fe61\" style=\"color:#cfa65a;font-size:15px\"><strong>Was liegt mir am Herzen?<\/strong>&nbsp;&nbsp;<\/p>\n\n\n\n<p class=\"has-small-font-size\">Du liegst mir am Herzen! Warum? Nicht zuletzt an mir selbst habe ich erlebt und erlebe immer noch, wie weit wir uns von uns selbst entfernt Haben. Das f\u00fchrt uns dahin, dass wir uns Fragen stellen, die wir uns vermeintlich kaum beantworten k\u00f6nnen. Wie zum Beispiel: \u201eWoher kommen wir?\u201c, oder: \u201eWas machen wir hier?\u201c, bzw.: \u201eWo gehen wir hin?\u201c&nbsp;&nbsp;<\/p>\n\n\n\n<p>Ich glaube, dass viele von uns, es verlernt haben, sich selbst zuzuh\u00f6ren. Dieser Stimme in uns, diesem Gef\u00fchl, dieser Intuition. Es muss einen Zeitpunkt in unserem Leben gegeben haben, wo wir eine Wahrheit von au\u00dfen \u00fcbernommen haben, die uns als richtig glaubhaft gemacht werden konnte. Heute glaube und sehe ich, dass genau ab diesem Zeitpunkt unsere sogenannten Probleme begonnen haben. Ich konnte feststellen, dass es einen Zusammenhang gibt zwischen unseren Problemen, ab dem Moment wo wir beginnen, uns von uns selbst zu entfernen. Also ist doch die entscheidende Frage: \u201eWann beginnen wir wieder damit, uns selbst entgegen zu kommen?\u201c&nbsp;&nbsp;<\/p>\n\n\n\n<p>Woran bemerken wir, dass es soweit gekommen ist? Probleme h\u00e4ufen sich, sie werden drastischer und wenn dann noch k\u00f6rperliche Symptome hinzukommen, beginnt es ernst zu werden.&nbsp;&nbsp;<\/p>\n\n\n\n<p class=\"has-small-font-size\">Durch meine Arbeit mit Dir, will ich mich mit einbringen, Dich auf diesem Weg, zur\u00fcck zu sich selbst zu inspirieren und im Service f\u00fcr Dich sein. Was will ich f\u00fcr Dich tun? Ich glaube, dass ein Symptom lediglich ein Wegweiser bzw. ein Botschafter f\u00fcr uns selbst ist. Deshalb ist es wichtig zu verstehen, warum uns welches Symptom plagt. Welche Bedeutung (Metaphysik) steckt also hinter dem jeweiligen Symptom? Ich habe unter anderem an mir selbst festgestellt, dass das was wir denken und sagen eine Frequenz hat und das eine Frequenz immer auf einen Empf\u00e4nger trifft. Auch der Empf\u00e4nger sendet eine Frequenz aus. In dem Augenblick wo diese zur\u00fcckgesandte Frequenz uns tief ber\u00fchrt, entsteht eine Resonanz. Ich stelle immer wieder fest, dass diese Frequenz- und Resonanzarbeit Deine Selbstheilung aktiviert. Ich pers\u00f6nlich glaube, dass der einzige Mensch, den wir heilen k\u00f6nnen, nur wir selbst sind. Das funktioniert aber nur, wenn wir auf der Frequenz der Wahrheit miteinander arbeiten.&nbsp;&nbsp;<\/p>\n\n\n\n<p class=\"has-text-color has-link-color wp-elements-bbf1fe06be35d9c7b61ed056c114ef5b\" style=\"color:#cfa65a;font-size:15px\">&nbsp;<\/p>\n<\/div>\n\n\n\n<div class=\"wp-block-column is-vertically-aligned-top is-layout-flow wp-block-column-is-layout-flow\" style=\"flex-basis:50%\"><div class=\"wp-block-image\">\n<figure class=\"aligncenter size-full is-resized\"><img loading=\"lazy\" decoding=\"async\" width=\"1244\" height=\"1783\" src=\"http:\/\/wordpress.service-inspiration.de\/wp-content\/uploads\/2024\/09\/Brasilien1-scaled-e1725776935827.jpg\" alt=\"\" class=\"wp-image-1501\" style=\"width:409px\" srcset=\"https:\/\/www.service-inspiration.de\/wp-content\/uploads\/2024\/09\/Brasilien1-scaled-e1725776935827.jpg 1244w, https:\/\/www.service-inspiration.de\/wp-content\/uploads\/2024\/09\/Brasilien1-scaled-e1725776935827-209x300.jpg 209w, https:\/\/www.service-inspiration.de\/wp-content\/uploads\/2024\/09\/Brasilien1-scaled-e1725776935827-714x1024.jpg 714w, https:\/\/www.service-inspiration.de\/wp-content\/uploads\/2024\/09\/Brasilien1-scaled-e1725776935827-768x1101.jpg 768w, https:\/\/www.service-inspiration.de\/wp-content\/uploads\/2024\/09\/Brasilien1-scaled-e1725776935827-1072x1536.jpg 1072w\" sizes=\"auto, (max-width: 1244px) 100vw, 1244px\" \/><figcaption class=\"wp-element-caption\"><mark style=\"background-color: rgba(0, 0, 0, 0); color: #cfa65a;\">&#8222;Du Heilst Dich Selbst!&#8220;<\/mark><\/figcaption><\/figure>\n<\/div><\/div>\n<\/div>\n\n\n\n<p>&nbsp;<\/p>\n","protected":false},"excerpt":{"rendered":"<p>Ich, Tobias Wolf, begr\u00fc\u00dfe Dich hier auf meiner Seite: Service &amp; Inspiration!\u00a0\u00a0 Was liegt mir am Herzen?&nbsp;&nbsp; Du liegst mir am Herzen! Warum? Nicht zuletzt an mir selbst habe ich erlebt und erlebe immer noch, wie weit wir uns von uns selbst entfernt Haben. Das f\u00fchrt uns dahin, dass wir uns Fragen stellen, die wir [&hellip;]<\/p>\n","protected":false},"author":1,"featured_media":0,"parent":0,"menu_order":0,"comment_status":"closed","ping_status":"closed","template":"","meta":{"ocean_post_layout":"","ocean_both_sidebars_style":"scs-style","ocean_both_sidebars_content_width":0,"ocean_both_sidebars_sidebars_width":0,"ocean_sidebar":"quadmenu-widgets","ocean_second_sidebar":"0","ocean_disable_margins":"enable","ocean_add_body_class":"","ocean_shortcode_before_top_bar":"","ocean_shortcode_after_top_bar":"","ocean_shortcode_before_header":"","ocean_shortcode_after_header":"","ocean_has_shortcode":"","ocean_shortcode_after_title":"","ocean_shortcode_before_footer_widgets":"","ocean_shortcode_after_footer_widgets":"","ocean_shortcode_before_footer_bottom":"","ocean_shortcode_after_footer_bottom":"","ocean_display_top_bar":"default","ocean_display_header":"default","ocean_header_style":"","ocean_center_header_left_menu":"0","ocean_custom_header_template":"0","ocean_custom_logo":0,"ocean_custom_retina_logo":0,"ocean_custom_logo_max_width":0,"ocean_custom_logo_tablet_max_width":0,"ocean_custom_logo_mobile_max_width":0,"ocean_custom_logo_max_height":0,"ocean_custom_logo_tablet_max_height":0,"ocean_custom_logo_mobile_max_height":0,"ocean_header_custom_menu":"0","ocean_menu_typo_font_family":"Cinzel","ocean_menu_typo_font_subset":"","ocean_menu_typo_font_size":0,"ocean_menu_typo_font_size_tablet":0,"ocean_menu_typo_font_size_mobile":0,"ocean_menu_typo_font_size_unit":"px","ocean_menu_typo_font_weight":"","ocean_menu_typo_font_weight_tablet":"","ocean_menu_typo_font_weight_mobile":"","ocean_menu_typo_transform":"","ocean_menu_typo_transform_tablet":"","ocean_menu_typo_transform_mobile":"","ocean_menu_typo_line_height":0,"ocean_menu_typo_line_height_tablet":0,"ocean_menu_typo_line_height_mobile":0,"ocean_menu_typo_line_height_unit":"","ocean_menu_typo_spacing":0,"ocean_menu_typo_spacing_tablet":0,"ocean_menu_typo_spacing_mobile":0,"ocean_menu_typo_spacing_unit":"","ocean_menu_link_color":"#cfa65a","ocean_menu_link_color_hover":"","ocean_menu_link_color_active":"","ocean_menu_link_background":"","ocean_menu_link_hover_background":"","ocean_menu_link_active_background":"","ocean_menu_social_links_bg":"","ocean_menu_social_hover_links_bg":"","ocean_menu_social_links_color":"","ocean_menu_social_hover_links_color":"","ocean_disable_title":"default","ocean_disable_heading":"default","ocean_post_title":"","ocean_post_subheading":"","ocean_post_title_style":"","ocean_post_title_background_color":"","ocean_post_title_background":0,"ocean_post_title_bg_image_position":"","ocean_post_title_bg_image_attachment":"","ocean_post_title_bg_image_repeat":"","ocean_post_title_bg_image_size":"","ocean_post_title_height":0,"ocean_post_title_bg_overlay":0.5,"ocean_post_title_bg_overlay_color":"","ocean_disable_breadcrumbs":"default","ocean_breadcrumbs_color":"","ocean_breadcrumbs_separator_color":"","ocean_breadcrumbs_links_color":"","ocean_breadcrumbs_links_hover_color":"","ocean_display_footer_widgets":"default","ocean_display_footer_bottom":"default","ocean_custom_footer_template":"0","footnotes":""},"class_list":["post-1399","page","type-page","status-publish","hentry","entry"],"_links":{"self":[{"href":"https:\/\/www.service-inspiration.de\/index.php?rest_route=\/wp\/v2\/pages\/1399","targetHints":{"allow":["GET"]}}],"collection":[{"href":"https:\/\/www.service-inspiration.de\/index.php?rest_route=\/wp\/v2\/pages"}],"about":[{"href":"https:\/\/www.service-inspiration.de\/index.php?rest_route=\/wp\/v2\/types\/page"}],"author":[{"embeddable":true,"href":"https:\/\/www.service-inspiration.de\/index.php?rest_route=\/wp\/v2\/users\/1"}],"replies":[{"embeddable":true,"href":"https:\/\/www.service-inspiration.de\/index.php?rest_route=%2Fwp%2Fv2%2Fcomments&post=1399"}],"version-history":[{"count":2,"href":"https:\/\/www.service-inspiration.de\/index.php?rest_route=\/wp\/v2\/pages\/1399\/revisions"}],"predecessor-version":[{"id":2181,"href":"https:\/\/www.service-inspiration.de\/index.php?rest_route=\/wp\/v2\/pages\/1399\/revisions\/2181"}],"wp:attachment":[{"href":"https:\/\/www.service-inspiration.de\/index.php?rest_route=%2Fwp%2Fv2%2Fmedia&parent=1399"}],"curies":[{"name":"wp","href":"https:\/\/api.w.org\/{rel}","templated":true}]}}